{"id":2669,"date":"2023-09-18T14:05:17","date_gmt":"2023-09-18T07:05:17","guid":{"rendered":"https:\/\/galileotn.vn\/?post_type=product&#038;p=2669"},"modified":"2023-09-18T14:05:17","modified_gmt":"2023-09-18T07:05:17","slug":"cua-thep-van-go-1-canh-g1h2-1pn","status":"publish","type":"product","link":"https:\/\/galileotn.vn\/?product=cua-thep-van-go-1-canh-g1h2-1pn","title":{"rendered":"C\u1eecA TH\u00c9P V\u00c2N G\u1ed6 1 C\u00c1NH &#8211; G1H2-1PN"},"content":{"rendered":"<h2><b>TH\u00d4NG TIN CHI TI\u1ebeT V\u1ec0 S\u1ea2N PH\u1ea8M<\/b><\/h2>\n<p><b>\u0110\u1eb7c t\u00ednh n\u1ed5i b\u1eadt c\u1ee7a c\u1eeda th\u00e9p v\u00e2n g\u1ed7 G1H2-1PN<\/b><\/p>\n<ul>\n<li aria-level=\"1\">T\u00ednh an to\u00e0n: c\u1eeda l\u00e0m b\u1eb1ng ch\u1ea5t li\u1ec7u th\u00e9p n\u00ean \u0111\u1ed9 an to\u00e0n cao h\u01a1n h\u1eb3n so v\u1edbi nh\u1eefng lo\u1ea1i c\u1eeda kh\u00e1c<\/li>\n<li aria-level=\"1\">\u0110\u1ed9 b\u1ec1n cao: C\u1eeda th\u00e9p v\u00e2n g\u1ed7 l\u00e0m t\u1eeb v\u1eadt li\u1ec7u ch\u00ednh l\u00e0 th\u00e9p m\u1ea1 \u0111i\u1ec7n \u0111\u01b0\u1ee3c s\u1ea3n xu\u1ea5t \u0111\u1ed3ng b\u1ed9 trong nh\u00e0 m\u00e1y v\u1edbi d\u00e2y chuy\u1ec1n v\u00e0 thi\u1ebft b\u1ecb hi\u1ec7n \u0111\u1ea1i n\u00ean c\u00f3 \u0111\u1ed9 b\u1ec1n c\u1ef1c cao. \u0110a ph\u1ea7n c\u1eeda th\u00e9p v\u00e2n g\u1ed7 c\u00f3 \u0111\u1ed9 b\u1ec1n l\u00ean t\u1edbi 20-30 n\u0103m.<\/li>\n<li aria-level=\"1\">Kh\u1ea3 n\u0103ng ch\u1ed1ng ch\u00e1y v\u00e0 c\u00e1ch \u00e2m, c\u00e1ch nhi\u1ec7t t\u1ed1t: C\u00e1ch \u00e2m l\u00e0 m\u1ed9t trong nh\u1eefng t\u00ednh n\u0103ng \u01b0u vi\u1ec7t c\u1ee7a c\u1eeda th\u00e9p v\u00e2n g\u1ed7 so v\u1edbi c\u00e1c d\u00f2ng c\u1eeda kh\u00e1c. Kh\u1ea3 n\u0103ng c\u00e1ch \u00e2m l\u00e0 do l\u1edbp gio\u0103ng chuy\u00ean d\u1ee5ng ch\u1ea1y d\u1ecdc theo ph\u1ea7n ti\u1ebfp gi\u00e1p gi\u1eefa c\u00e1nh v\u00e0 khung c\u1eeda. Nh\u1edd \u0111\u00f3 m\u00e0 c\u1eeda c\u00f3 kh\u1ea3 n\u0103ng ng\u0103n kh\u00f3i v\u00e0 \u00e2m thanh l\u1ecdt ra b\u00ean ngo\u00e0i. Ngo\u00e0i ra, l\u1edbp gio\u0103ng c\u00f2n gi\u00fap c\u1eeda \u0111\u00f3ng m\u1edf \u00eam \u00e1i, nh\u1eb9 nh\u00e0ng.<\/li>\n<li aria-level=\"1\">Kh\u00f4ng b\u1ecb cong v\u00eanh, co ng\u00f3t, m\u1ed1i m\u1ecdt: c\u1eeda \u0111\u01b0\u1ee3c l\u00e0m t\u1eeb t\u1ea5m th\u00e9p m\u1ea1 \u0111i\u1ec7n n\u00ean b\u1ec1n ch\u1eafc \u0111\u1ea3m b\u1ea3o kh\u00f4ng b\u1ecb cong v\u00eanh, co ng\u00f3t, m\u1ed1i m\u1ecdt v\u00e0 n\u1ee9t n\u1ebb nh\u01b0 c\u1eeda g\u1ed7 t\u1ef1 nhi\u00ean<\/li>\n<\/ul>\n<p><b>M\u00f4 t\u1ea3 chi ti\u1ebft v\u1ec1 s\u1ea3n ph\u1ea9m:<\/b><\/p>\n<p>C\u1eeda th\u00e9p v\u00e2n g\u1ed7 1 c\u00e1nh l\u00e0 lo\u1ea1i c\u1eeda c\u00f3 k\u00edch th\u01b0\u1edbc nh\u1ecf nh\u1ea5t th\u01b0\u1eddng giao \u0111\u1ed9ng trong kho\u1ea3ng chi\u1ec1u r\u1ed9ng t\u1eeb 800 \u2013 1000mm v\u00e0 chi\u1ec1u cao giao \u0111\u1ed9ng t\u1eeb 2000 \u2013 2.600mm. C\u1eeda c\u00f3 th\u1ec3 c\u00f3 pano \u00f4 k\u00ednh \u1edf ph\u00eda tr\u00ean t\u00f9y v\u00e0o \u00fd mu\u1ed1n c\u1ee7a ch\u1ee7 nh\u00e0 ho\u1eb7c do k\u00edch th\u01b0\u1edbc chi\u1ec1u cao c\u1ee7a c\u1eeda v\u01b0\u1ee3t k\u00edch th\u01b0\u1edbc ti\u00eau chu\u1ea9n.<\/p>\n<p>C\u1eeda \u0111\u01b0\u1ee3c l\u00e0m b\u1eb1ng ch\u1ea5t li\u1ec7u ch\u00ednh l\u00e0 th\u00e9p m\u1ea1 \u0111i\u1ec7n v\u00e0 \u0111\u01b0\u1ee3c s\u1ea3n xu\u1ea5t \u0111\u1ed3ng b\u1ed9 trong nh\u00e0 m\u00e1y v\u1edbi d\u00e2y chuy\u1ec1n thi\u1ebft b\u1ecb hi\u1ec7n \u0111\u1ea1i n\u00ean c\u00f3 \u0111\u1ed9 b\u1ec1n c\u1ef1c cao. Hai m\u1eb7t c\u00e1nh l\u00e0 2 t\u1ea5m th\u00e9p m\u1ea1 \u0111i\u1ec7n d\u00e0y 0.8mm. L\u1edbp b\u00ean trong l\u00e0 v\u1eadt li\u1ec7u gi\u1ea5y t\u1ed5 ong v\u1edbi nh\u1eefng \u0111\u1eb7c t\u00ednh c\u00e1ch \u00e2m, c\u00e1ch nhi\u1ec7t, ch\u1ed1ng ch\u00e1y, tr\u1ecdng l\u01b0\u1ee3ng nh\u1eb9 gi\u00fap l\u00e0m gi\u1ea3m \u0111\u1ed9 n\u1eb7ng c\u1ee7a c\u00e1nh.<\/p>\n<p>B\u1ec1 m\u1eb7t ph\u1ee7 1 l\u1edbp s\u01a1n v\u00e2n g\u1ed7 gi\u1ed1ng h\u1ec7t m\u00e0u g\u1ed7 t\u1ef1 nhi\u00ean nh\u01b0ng b\u1ec1n m\u00e0u h\u01a1n l\u1edbp s\u01a1n c\u1ee7a c\u1eeda g\u1ed7 t\u1ef1 nhi\u00ean. C\u1eeda th\u00e9p v\u00e2n g\u1ed7 G1H7-1TK \u0111\u01b0\u1ee3c s\u1eed d\u1ee5ng s\u01a1n t\u0129nh \u0111i\u1ec7n ngo\u00e0i tr\u1eddi c\u00f3 th\u00e0nh ph\u1ea7n ho\u1ea1t ch\u1ea5t \u0111\u1eb7c bi\u1ec7t gi\u00fap l\u1edbp s\u01a1n b\u00e1m ch\u1eafc v\u00e0 b\u1ec1n m\u00e0u v\u1edbi th\u1eddi gian. L\u1edbp s\u01a1n c\u00f3 \u0111\u1ed9 chai l\u1ef3 v\u00e0 c\u00f3 kh\u1ea3 n\u0103ng ch\u1ed1ng c\u00e0o x\u01b0\u1edbc ch\u1ecbu \u0111\u01b0\u1ee3c s\u1ef1 kh\u1eafc nghi\u1ec7t trong m\u00f4i tr\u01b0\u1eddng kh\u00f4ng kh\u00ed c\u00f3 nhi\u1ec1u mu\u1ed1i c\u1ee7a v\u00f9ng bi\u1ec3n. \u0110\u1eb7c bi\u1ec7t, s\u1ea3n ph\u1ea9m s\u1eed d\u1ee5ng s\u01a1n ngo\u00e0i tr\u1eddi n\u00ean \u0111\u1ed9 b\u1ec1n m\u00e0u r\u1ea5t cao gi\u00fap cho c\u1eeda c\u00f3 m\u00e0u s\u1eafc v\u00e0 \u0111\u1ed9 b\u1ec1n v\u01b0\u1ee3t tr\u1ed9i. \u0110a ph\u1ea7n c\u1eeda th\u00e9p v\u00e2n g\u1ed7 c\u00f3 \u0111\u1ed9 b\u00ean l\u00ean t\u1edbi 20-30 n\u0103m.<\/p>\n<p>C\u1eeda th\u00e9p v\u00e2n g\u1ed7 1 c\u00e1nh ph\u00f9 h\u1ee3p \u0111\u1ec3 l\u1eafp c\u1eeda th\u00f4ng ph\u00f2ng, c\u1eeda ph\u00f2ng ng\u1ee7, c\u1eeda ban c\u00f4ng ho\u1eb7c c\u1eeda c\u1ee7a nh\u1eefng c\u0103n h\u1ed9 di\u1ec7n t\u00edch nh\u1ecf, chung c\u01b0 mini.<\/p>\n","protected":false},"excerpt":{"rendered":"<p>TH\u00d4NG TIN CHI TI\u1ebeT V\u1ec0 S\u1ea2N PH\u1ea8M \u0110\u1eb7c t\u00ednh n\u1ed5i b\u1eadt c\u1ee7a c\u1eeda th\u00e9p v\u00e2n g\u1ed7 G1H2-1PN T\u00ednh an to\u00e0n: c\u1eeda l\u00e0m b\u1eb1ng ch\u1ea5t li\u1ec7u th\u00e9p n\u00ean \u0111\u1ed9 an to\u00e0n cao h\u01a1n h\u1eb3n so v\u1edbi nh\u1eefng lo\u1ea1i c\u1eeda kh\u00e1c \u0110\u1ed9 b\u1ec1n cao: C\u1eeda th\u00e9p v\u00e2n g\u1ed7 l\u00e0m t\u1eeb v\u1eadt li\u1ec7u ch\u00ednh l\u00e0 th\u00e9p m\u1ea1 \u0111i\u1ec7n &#8230; <a title=\"C\u1eecA TH\u00c9P V\u00c2N G\u1ed6 1 C\u00c1NH &#8211; G1H2-1PN\" class=\"read-more\" href=\"https:\/\/galileotn.vn\/?product=cua-thep-van-go-1-canh-g1h2-1pn\" aria-label=\"More on C\u1eecA TH\u00c9P V\u00c2N G\u1ed6 1 C\u00c1NH &#8211; G1H2-1PN\">\u0110\u1ecdc ti\u1ebfp<\/a><\/p>\n","protected":false},"featured_media":2619,"comment_status":"closed","ping_status":"closed","template":"","meta":[],"product_brand":[],"product_cat":[55],"product_tag":[],"class_list":{"0":"post-2669","1":"product","2":"type-product","3":"status-publish","4":"has-post-thumbnail","6":"product_cat-cua-thep-van-go-mot-canh","7":"sales-flash-overlay","8":"woocommerce-text-align-center","9":"woocommerce-image-align-center","10":"do-quantity-buttons","12":"first","13":"instock","14":"shipping-taxable","15":"product-type-simple"},"_links":{"self":[{"href":"https:\/\/galileotn.vn\/index.php?rest_route=\/wp\/v2\/product\/2669","targetHints":{"allow":["GET"]}}],"collection":[{"href":"https:\/\/galileotn.vn\/index.php?rest_route=\/wp\/v2\/product"}],"about":[{"href":"https:\/\/galileotn.vn\/index.php?rest_route=\/wp\/v2\/types\/product"}],"replies":[{"embeddable":true,"href":"https:\/\/galileotn.vn\/index.php?rest_route=%2Fwp%2Fv2%2Fcomments&post=2669"}],"wp:featuredmedia":[{"embeddable":true,"href":"https:\/\/galileotn.vn\/index.php?rest_route=\/wp\/v2\/media\/2619"}],"wp:attachment":[{"href":"https:\/\/galileotn.vn\/index.php?rest_route=%2Fwp%2Fv2%2Fmedia&parent=2669"}],"wp:term":[{"taxonomy":"product_brand","embeddable":true,"href":"https:\/\/galileotn.vn\/index.php?rest_route=%2Fwp%2Fv2%2Fproduct_brand&post=2669"},{"taxonomy":"product_cat","embeddable":true,"href":"https:\/\/galileotn.vn\/index.php?rest_route=%2Fwp%2Fv2%2Fproduct_cat&post=2669"},{"taxonomy":"product_tag","embeddable":true,"href":"https:\/\/galileotn.vn\/index.php?rest_route=%2Fwp%2Fv2%2Fproduct_tag&post=2669"}],"curies":[{"name":"wp","href":"https:\/\/api.w.org\/{rel}","templated":true}]}}