{"id":2663,"date":"2023-09-18T13:42:34","date_gmt":"2023-09-18T06:42:34","guid":{"rendered":"https:\/\/galileotn.vn\/?post_type=product&#038;p=2663"},"modified":"2023-09-18T14:02:23","modified_gmt":"2023-09-18T07:02:23","slug":"cua-thep-van-go-1-canh-2","status":"publish","type":"product","link":"https:\/\/galileotn.vn\/?product=cua-thep-van-go-1-canh-2","title":{"rendered":"C\u1eecA TH\u00c9P V\u00c2N G\u1ed6 1 C\u00c1NH &#8211; G1H7"},"content":{"rendered":"<p>T\u00ean s\u1ea3n ph\u1ea9m: C\u1eeda th\u00e9p v\u00e2n g\u1ed7 G1H7<\/p>\n<p>M\u00e3 s\u1ea3n ph\u1ea9m: G1H7<\/p>\n<p>M\u00f4 t\u1ea3 v\u1eadt li\u1ec7u c\u1ea5u t\u1ea1o:<\/p>\n<ul>\n<li aria-level=\"1\">Th\u00e9p c\u00e1nh:\n<ul>\n<li aria-level=\"2\">D\u00e0y 60mm, mang t\u00ednh ch\u1eafc ch\u1eafn v\u00e0 \u0111\u1ea3m b\u1ea3o \u0111\u1ed9 b\u1ec1n cao.<\/li>\n<li aria-level=\"2\">S\u1eed d\u1ee5ng t\u1ea5m th\u00e9p m\u1ea1 \u0111i\u1ec7n d\u00e0y 0.8mm, gi\u00fap t\u0103ng c\u01b0\u1eddng \u0111\u1ed9 c\u1ee9ng v\u00e0 ch\u1ed1ng g\u1ec9 s\u00e9t.<\/li>\n<\/ul>\n<\/li>\n<li aria-level=\"1\">Th\u00e9p khung:\n<ul>\n<li aria-level=\"2\">D\u00e0y 1.2mm, \u0111\u1ea3m b\u1ea3o t\u00ednh \u1ed5n \u0111\u1ecbnh v\u00e0 h\u1ed7 tr\u1ee3 c\u1ea5u tr\u00fac c\u1ee7a c\u1eeda.<\/li>\n<\/ul>\n<\/li>\n<\/ul>\n<p>M\u00f4 t\u1ea3 b\u1ec1 m\u1eb7t:<\/p>\n<ul>\n<li aria-level=\"1\">S\u01a1n t\u0129nh \u0111i\u1ec7n: T\u1ea1o l\u1edbp s\u01a1n b\u1ec1n m\u00e0u, gi\u00fap ch\u1ed1ng tr\u1ea7y x\u01b0\u1edbc v\u00e0 tia UV.<\/li>\n<li aria-level=\"1\">Ph\u1ee7 phim v\u00e2n g\u1ed7: T\u1ea1o hi\u1ec7u \u1ee9ng v\u00e2n g\u1ed7 t\u1ef1 nhi\u00ean, l\u00e0m n\u1ed5i b\u1eadt v\u1ebb \u0111\u1eb9p v\u00e0 sang tr\u1ecdng cho c\u1eeda.<\/li>\n<\/ul>\n<p>K\u00edch th\u01b0\u1edbc:<\/p>\n<ul>\n<li aria-level=\"1\">Khu\u00f4n c\u1eeda: C\u00f3 th\u1ec3 \u0111\u01b0\u1ee3c s\u1ea3n xu\u1ea5t theo y\u00eau c\u1ea7u, ph\u00f9 h\u1ee3p v\u1edbi t\u1eebng ki\u1ec3u thi\u1ebft k\u1ebf c\u00f4ng tr\u00ecnh.<\/li>\n<li aria-level=\"1\">Th\u00f4ng th\u1ee7y: \u0110\u00e1p \u1ee9ng c\u00e1c y\u00eau c\u1ea7u k\u00edch th\u01b0\u1edbc th\u00f4ng th\u1ee7y cho c\u00e1c lo\u1ea1i c\u1eeda ch\u00ednh, c\u1eeda ph\u00f2ng, c\u1eeda ra v\u00e0o, v.v.<\/li>\n<li aria-level=\"1\">\u00d4 ch\u1edd: C\u00f3 th\u1ec3 t\u00f9y ch\u1ec9nh theo k\u00edch th\u01b0\u1edbc y\u00eau c\u1ea7u c\u1ee7a c\u00f4ng tr\u00ecnh.<\/li>\n<\/ul>\n<p>Ph\u1ee5 ki\u1ec7n \u0111i k\u00e8m:<\/p>\n<ul>\n<li aria-level=\"1\">Gio\u0103ng cao su ch\u1eef V ch\u1ecbu nhi\u1ec7t ch\u1ed1ng \u1ed3n: Gi\u00fap t\u1ea1o s\u1ef1 k\u00edn kh\u00edt gi\u1eefa c\u00e1nh c\u1eeda v\u00e0 khung, gi\u1ea3m thi\u1ec3u ti\u1ebfng \u1ed3n v\u00e0 gi\u1eef nhi\u1ec7t hi\u1ec7u qu\u1ea3.<\/li>\n<li aria-level=\"1\">B\u1ea3n l\u1ec1: Lo\u1ea1i b\u1ea3n l\u1ec1 b\u1ec1n ch\u1eafc, gi\u00fap c\u1eeda m\u1edf \u0111\u00f3ng m\u01b0\u1ee3t m\u00e0 v\u00e0 \u0111\u1ea3m b\u1ea3o tu\u1ed5i th\u1ecd c\u1ee7a c\u1eeda k\u00e9o d\u00e0i.<\/li>\n<\/ul>\n<p>\u01afu \u0111i\u1ec3m v\u00e0 l\u00fd do l\u1ef1a ch\u1ecdn:<\/p>\n<ul>\n<li aria-level=\"1\">S\u1ef1 k\u1ebft h\u1ee3p gi\u1eefa v\u1eadt li\u1ec7u th\u00e9p v\u00e0 ph\u1ee7 phim v\u00e2n g\u1ed7 mang \u0111\u1ebfn s\u1ef1 c\u1ee9ng c\u00e1p v\u00e0 \u0111\u1eb9p t\u1ef1 nhi\u00ean cho c\u1eeda.<\/li>\n<li aria-level=\"1\">T\u00f9y ch\u1ec9nh k\u00edch th\u01b0\u1edbc cho ph\u00f9 h\u1ee3p v\u1edbi nhu c\u1ea7u thi\u1ebft k\u1ebf c\u1ee7a t\u1eebng c\u00f4ng tr\u00ecnh.<\/li>\n<li aria-level=\"1\">S\u01a1n t\u0129nh \u0111i\u1ec7n v\u00e0 ph\u1ee7 phim v\u00e2n g\u1ed7 gi\u00fap b\u1ea3o v\u1ec7 c\u1eeda kh\u1ecfi tr\u1ea7y x\u01b0\u1edbc v\u00e0 t\u00e1c \u0111\u1ed9ng c\u1ee7a th\u1eddi ti\u1ebft.<\/li>\n<li aria-level=\"1\">Ph\u1ee5 ki\u1ec7n \u0111i k\u00e8m ch\u1ea5t l\u01b0\u1ee3ng cao \u0111\u1ea3m b\u1ea3o t\u00ednh \u1ed5n \u0111\u1ecbnh v\u00e0 tu\u1ed5i th\u1ecd c\u1ee7a c\u1eeda trong qu\u00e1 tr\u00ecnh s\u1eed d\u1ee5ng.<\/li>\n<li aria-level=\"1\">Thi\u1ebft k\u1ebf sang tr\u1ecdng, ph\u00f9 h\u1ee3p cho c\u1ea3 kh\u00f4ng gian n\u1ed9i th\u1ea5t v\u00e0 ngo\u1ea1i th\u1ea5t.<\/li>\n<\/ul>\n<p>\u1ee8ng d\u1ee5ng:<\/p>\n<ul>\n<li aria-level=\"1\">C\u1eeda th\u00e9p v\u00e2n g\u1ed7 G1H7 ph\u00f9 h\u1ee3p cho c\u00e1c c\u00f4ng tr\u00ecnh x\u00e2y d\u1ef1ng d\u00e2n d\u1ee5ng, nh\u00e0 \u1edf, c\u0103n h\u1ed9, bi\u1ec7t th\u1ef1, v\u0103n ph\u00f2ng, c\u1eeda h\u00e0ng, nh\u00e0 h\u00e0ng, kh\u00e1ch s\u1ea1n, v.v.<\/li>\n<li aria-level=\"1\">L\u1eddi k\u1ebft: C\u1eeda th\u00e9p v\u00e2n g\u1ed7 G1H7 l\u00e0 s\u1ef1 l\u1ef1a ch\u1ecdn t\u1ed1i \u01b0u cho nh\u1eefng ai \u0111ang t\u00ecm ki\u1ebfm s\u1ef1 k\u1ebft h\u1ee3p ho\u00e0n h\u1ea3o gi\u1eefa t\u00ednh ch\u1eafc ch\u1eafn, \u0111\u1ed9 b\u1ec1n v\u00e0 v\u1ebb \u0111\u1eb9p t\u1ef1 nhi\u00ean c\u1ee7a v\u00e2n g\u1ed7. S\u1ea3n ph\u1ea9m n\u00e0y \u0111\u00e1p \u1ee9ng c\u00e1c ti\u00eau chu\u1ea9n ch\u1ea5t l\u01b0\u1ee3ng cao v\u00e0 mang \u0111\u1ebfn s\u1ef1 h\u00e0i l\u00f2ng cho kh\u00e1ch h\u00e0ng khi s\u1eed d\u1ee5ng trong c\u00e1c c\u00f4ng tr\u00ecnh x\u00e2y d\u1ef1ng v\u00e0 trang tr\u00ed kh\u00f4ng gian.<\/li>\n<\/ul>\n","protected":false},"excerpt":{"rendered":"<p>T\u00ean s\u1ea3n ph\u1ea9m: C\u1eeda th\u00e9p v\u00e2n g\u1ed7 G1H7 M\u00e3 s\u1ea3n ph\u1ea9m: G1H7 M\u00f4 t\u1ea3 v\u1eadt li\u1ec7u c\u1ea5u t\u1ea1o: Th\u00e9p c\u00e1nh: D\u00e0y 60mm, mang t\u00ednh ch\u1eafc ch\u1eafn v\u00e0 \u0111\u1ea3m b\u1ea3o \u0111\u1ed9 b\u1ec1n cao. S\u1eed d\u1ee5ng t\u1ea5m th\u00e9p m\u1ea1 \u0111i\u1ec7n d\u00e0y 0.8mm, gi\u00fap t\u0103ng c\u01b0\u1eddng \u0111\u1ed9 c\u1ee9ng v\u00e0 ch\u1ed1ng g\u1ec9 s\u00e9t. Th\u00e9p khung: D\u00e0y 1.2mm, \u0111\u1ea3m b\u1ea3o &#8230; <a title=\"C\u1eecA TH\u00c9P V\u00c2N G\u1ed6 1 C\u00c1NH &#8211; G1H7\" class=\"read-more\" href=\"https:\/\/galileotn.vn\/?product=cua-thep-van-go-1-canh-2\" aria-label=\"More on C\u1eecA TH\u00c9P V\u00c2N G\u1ed6 1 C\u00c1NH &#8211; G1H7\">\u0110\u1ecdc ti\u1ebfp<\/a><\/p>\n","protected":false},"featured_media":2616,"comment_status":"closed","ping_status":"closed","template":"","meta":[],"product_brand":[],"product_cat":[55],"product_tag":[],"class_list":{"0":"post-2663","1":"product","2":"type-product","3":"status-publish","4":"has-post-thumbnail","6":"product_cat-cua-thep-van-go-mot-canh","7":"sales-flash-overlay","8":"woocommerce-text-align-center","9":"woocommerce-image-align-center","10":"do-quantity-buttons","12":"first","13":"instock","14":"shipping-taxable","15":"product-type-simple"},"_links":{"self":[{"href":"https:\/\/galileotn.vn\/index.php?rest_route=\/wp\/v2\/product\/2663","targetHints":{"allow":["GET"]}}],"collection":[{"href":"https:\/\/galileotn.vn\/index.php?rest_route=\/wp\/v2\/product"}],"about":[{"href":"https:\/\/galileotn.vn\/index.php?rest_route=\/wp\/v2\/types\/product"}],"replies":[{"embeddable":true,"href":"https:\/\/galileotn.vn\/index.php?rest_route=%2Fwp%2Fv2%2Fcomments&post=2663"}],"wp:featuredmedia":[{"embeddable":true,"href":"https:\/\/galileotn.vn\/index.php?rest_route=\/wp\/v2\/media\/2616"}],"wp:attachment":[{"href":"https:\/\/galileotn.vn\/index.php?rest_route=%2Fwp%2Fv2%2Fmedia&parent=2663"}],"wp:term":[{"taxonomy":"product_brand","embeddable":true,"href":"https:\/\/galileotn.vn\/index.php?rest_route=%2Fwp%2Fv2%2Fproduct_brand&post=2663"},{"taxonomy":"product_cat","embeddable":true,"href":"https:\/\/galileotn.vn\/index.php?rest_route=%2Fwp%2Fv2%2Fproduct_cat&post=2663"},{"taxonomy":"product_tag","embeddable":true,"href":"https:\/\/galileotn.vn\/index.php?rest_route=%2Fwp%2Fv2%2Fproduct_tag&post=2663"}],"curies":[{"name":"wp","href":"https:\/\/api.w.org\/{rel}","templated":true}]}}