{"id":2661,"date":"2023-09-18T13:35:28","date_gmt":"2023-09-18T06:35:28","guid":{"rendered":"https:\/\/galileotn.vn\/?post_type=product&#038;p=2661"},"modified":"2023-09-18T13:35:28","modified_gmt":"2023-09-18T06:35:28","slug":"cua-thep-van-go-1-canh-g1h3","status":"publish","type":"product","link":"https:\/\/galileotn.vn\/?product=cua-thep-van-go-1-canh-g1h3","title":{"rendered":"C\u1eecA TH\u00c9P V\u00c2N G\u1ed6 1 C\u00c1NH G1H3"},"content":{"rendered":"<table class=\"c20\" style=\"width: 99.9276%; height: 443px;\">\n<tbody>\n<tr class=\"c7\">\n<td class=\"c8\" style=\"width: 671.5px;\" colspan=\"1\" rowspan=\"1\">\n<p class=\"c4\"><strong><span class=\"c2\">V\u1eacT LI\u1ec6U C\u1ea8U T\u1ea0O<\/span><\/strong><\/p>\n<\/td>\n<td class=\"c5\" style=\"width: 671.5px;\" colspan=\"1\" rowspan=\"1\">\n<ul class=\"c3 lst-kix_list_1-0 start\">\n<li class=\"c9 li-bullet-0\"><span class=\"c0\">Th\u00e9p m\u1ea1 \u0111i\u1ec7n ch\u1ed1ng han g\u1ec9, th\u00e9p l\u00e0m khung d\u00e0y 1.2mm, th\u00e9p l\u00e0m c\u00e1nh d\u00e0y 0.8mm<\/span><\/li>\n<\/ul>\n<\/td>\n<\/tr>\n<tr class=\"c7\">\n<td class=\"c8\" style=\"width: 671.5px;\" colspan=\"1\" rowspan=\"1\">\n<p class=\"c4\"><strong><span class=\"c2\">B\u1ec0 M\u1eb6T<\/span><\/strong><\/p>\n<\/td>\n<td class=\"c5\" style=\"width: 671.5px;\" colspan=\"1\" rowspan=\"1\">\n<ul class=\"c3 lst-kix_list_2-0 start\">\n<li class=\"c9 li-bullet-0\"><span class=\"c0\">S\u01a1n t\u0129nh \u0111i\u1ec7n, ph\u1ee7 phim v\u00e2n g\u1ed7<\/span><\/li>\n<li class=\"c9 li-bullet-0\"><span class=\"c0\">Chi\u1ec1u d\u00e0y c\u00e1nh c\u1eeda: 60mm<\/span><\/li>\n<li class=\"c9 li-bullet-0\"><span class=\"c0\">K\u00edch th\u01b0\u1edbc khu\u00f4n c\u1eeda: theo y\u00eau c\u1ea7u<\/span><\/li>\n<li class=\"c9 li-bullet-0\"><span class=\"c0\">K\u00edch th\u01b0\u1edbc th\u00f4ng th\u1ee7y: theo y\u00eau c\u1ea7u<\/span><\/li>\n<li id=\"h.gjdgxs\" class=\"c9 li-bullet-0\"><span class=\"c0\">K\u00edch th\u01b0\u1edbc \u00f4 ch\u1edd: theo y\u00eau c\u1ea7u<\/span><\/li>\n<\/ul>\n<\/td>\n<\/tr>\n<tr class=\"c7\">\n<td class=\"c8\" style=\"width: 671.5px;\" colspan=\"1\" rowspan=\"1\">\n<p class=\"c4\"><strong><span class=\"c2 c10\">PH\u1ee4 KI\u1ec6N\u00a0<\/span><span class=\"c2\">\u0110I K\u00c8M<\/span><\/strong><\/p>\n<\/td>\n<td class=\"c5\" style=\"width: 671.5px;\" colspan=\"1\" rowspan=\"1\">\n<ul class=\"c3 lst-kix_list_3-0 start\">\n<li class=\"c9 li-bullet-0\"><span class=\"c0\">Gi\u0103ng cao su<\/span><\/li>\n<li class=\"c9 li-bullet-0\"><span class=\"c0\">B\u1ea3n l\u1ec1\u00a0<\/span><\/li>\n<\/ul>\n<\/td>\n<\/tr>\n<tr class=\"c7\">\n<td class=\"c8\" style=\"width: 671.5px;\" colspan=\"1\" rowspan=\"1\">\n<p class=\"c6\"><strong><span class=\"c2 c10\">PH\u1ee4 KI\u1ec6N\u00a0<\/span><span class=\"c2\">MUA R\u1edcI<\/span><\/strong><\/p>\n<\/td>\n<td class=\"c5\" style=\"width: 671.5px;\" colspan=\"1\" rowspan=\"1\">\n<ul class=\"c3 lst-kix_list_4-0 start\">\n<li class=\"c16 li-bullet-0\"><span class=\"c14 c10\">Kh\u00f3a<\/span><\/li>\n<li class=\"c12 li-bullet-0\"><span class=\"c10 c14\">M\u1eaft th\u1ea7n<\/span><\/li>\n<\/ul>\n<\/td>\n<\/tr>\n<\/tbody>\n<\/table>\n","protected":false},"excerpt":{"rendered":"<p><b>TH\u00d4NG TIN CHI TI\u1ebeT V\u1ec0 S\u1ea2N PH\u1ea8M<\/b><\/p>\n<p>&nbsp;<\/p>\n<p>C\u1eecA TH\u00c9P V\u00c2N G\u1ed6 G1H3 \u2013 AN TO\u00c0N, B\u1ec0N B\u1ec8, V\u00c0 KH\u00d4NG LO M\u1ed0I M\u1eccT<\/p>\n<p>T\u00ednh an to\u00e0n v\u01b0\u1ee3t tr\u1ed9i: C\u1eeda th\u00e9p v\u00e2n g\u1ed7 v\u01b0\u1ee3t tr\u1ed9i h\u01a1n v\u1ec1 \u0111\u1ed9 an to\u00e0n so v\u1edbi c\u00e1c lo\u1ea1i c\u1eeda kh\u00e1c. V\u1edbi ch\u1ea5t li\u1ec7u th\u00e9p ch\u1eafc ch\u1eafn, n\u00f3 t\u1ea1o n\u00ean m\u1ed9t l\u1edbp b\u1ea3o v\u1ec7 v\u1eefng ch\u1eafc cho ng\u00f4i nh\u00e0 c\u1ee7a b\u1ea1n.<\/p>\n<p>\u0110\u1ed9 b\u1ec1n tuy\u1ec7t v\u1eddi: S\u1ea3n ph\u1ea9m \u0111\u01b0\u1ee3c l\u00e0m t\u1eeb th\u00e9p m\u1ea1 \u0111i\u1ec7n ch\u1ea5t l\u01b0\u1ee3ng cao, \u0111\u01b0\u1ee3c s\u1ea3n xu\u1ea5t \u0111\u1ed3ng b\u1ed9 trong nh\u00e0 m\u00e1y v\u1edbi c\u00f4ng ngh\u1ec7 v\u00e0 thi\u1ebft b\u1ecb hi\u1ec7n \u0111\u1ea1i. \u0110i\u1ec1u n\u00e0y \u0111\u1ea3m b\u1ea3o r\u1eb1ng c\u1eeda th\u00e9p v\u00e2n g\u1ed7 c\u00f3 \u0111\u1ed9 b\u1ec1n t\u1ed1i \u0111a. V\u1edbi kh\u1ea3 n\u0103ng duy tr\u00ec ch\u1ea5t l\u01b0\u1ee3ng trong kho\u1ea3ng th\u1eddi gian t\u1eeb 20-30 n\u0103m, \u0111\u00e2y l\u00e0 m\u1ed9t l\u1ef1a ch\u1ecdn \u0111\u00e1ng tin c\u1eady cho s\u1ef1 l\u00e2u b\u1ec1n v\u00e0 \u1ed5n \u0111\u1ecbnh.<\/p>\n<p>Ch\u1ed1ng ch\u00e1y, c\u00e1ch \u00e2m v\u00e0 c\u00e1ch nhi\u1ec7t t\u1ed1t: C\u1eeda th\u00e9p v\u00e2n g\u1ed7 n\u1ed5i b\u1eadt v\u1edbi kh\u1ea3 n\u0103ng ch\u1ed1ng ch\u00e1y v\u00e0 hi\u1ec7u su\u1ea5t c\u00e1ch \u00e2m, c\u00e1ch nhi\u1ec7t v\u01b0\u1ee3t tr\u1ed9i so v\u1edbi c\u00e1c lo\u1ea1i c\u1eeda kh\u00e1c. Vi\u1ec7c c\u00e1ch \u00e2m \u0111\u01b0\u1ee3c th\u1ef1c hi\u1ec7n th\u00f4ng qua l\u1edbp gio\u0103ng chuy\u00ean d\u1ee5ng ch\u1ea1y d\u1ecdc theo ph\u1ea7n ti\u1ebfp gi\u00e1p gi\u1eefa c\u00e1nh v\u00e0 khung c\u1eeda. \u0110i\u1ec1u n\u00e0y gi\u00fap ng\u0103n kh\u00f3i v\u00e0 ti\u1ebfng \u1ed3n x\u00e2m nh\u1eadp v\u00e0o kh\u00f4ng gian s\u1ed1ng c\u1ee7a b\u1ea1n. Ngo\u00e0i ra, l\u1edbp gio\u0103ng c\u00f2n mang l\u1ea1i s\u1ef1 \u0111\u00f3ng m\u1edf \u00eam \u00e1i v\u00e0 nh\u1eb9 nh\u00e0ng.<\/p>\n<p>Kh\u00f4ng b\u1ecb cong v\u00eanh, co ng\u00f3t, m\u1ed1i m\u1ecdt: V\u1edbi ch\u1ea5t li\u1ec7u th\u00e9p m\u1ea1 \u0111i\u1ec7n, c\u1eeda th\u00e9p v\u00e2n g\u1ed7 kh\u00f4ng b\u1ecb \u1ea3nh h\u01b0\u1edfng b\u1edfi c\u00e1c v\u1ea5n \u0111\u1ec1 nh\u01b0 cong v\u00eanh, co ng\u00f3t v\u00e0 m\u1ed1i m\u1ecdt nh\u01b0 c\u1eeda g\u1ed7 t\u1ef1 nhi\u00ean. \u0110i\u1ec1u n\u00e0y \u0111\u1ea3m b\u1ea3o r\u1eb1ng c\u1eeda s\u1ebd gi\u1eef nguy\u00ean h\u00ecnh d\u00e1ng v\u00e0 ch\u1ea5t l\u01b0\u1ee3ng c\u1ee7a n\u00f3 qua th\u1eddi gian, m\u00e0 kh\u00f4ng c\u1ea7n lo l\u1eafng v\u1ec1 s\u1ef1 h\u01b0 h\u1ecfng.<\/p>\n<p>C\u1eeda th\u00e9p v\u00e2n g\u1ed7 G1H3 \u2013 S\u1ef1 l\u1ef1a ch\u1ecdn ho\u00e0n h\u1ea3o cho s\u1ef1 an to\u00e0n, b\u1ec1n b\u1ec9 v\u00e0 kh\u00f4ng lo m\u1ed1i m\u1ecdt. H\u00e3y \u0111\u1ebfn v\u1edbi ch\u00fang t\u00f4i ngay h\u00f4m nay \u0111\u1ec3 t\u1eadn h\u01b0\u1edfng s\u1ef1 \u0111\u1eb9p m\u1eaft v\u00e0 ch\u1ea5t l\u01b0\u1ee3ng c\u1ee7a s\u1ea3n ph\u1ea9m!<\/p>\n<p><b>M\u00f4 t\u1ea3 chi ti\u1ebft v\u1ec1 s\u1ea3n ph\u1ea9m:<\/b><\/p>\n<figure id=\"attachment_5264\" class=\"wp-caption aligncenter\" aria-describedby=\"caption-attachment-5264\"><a href=\"https:\/\/galileotn.vn\/wp-content\/uploads\/2023\/09\/cua-1-canh-Artboard-2-100.jpg\"><img fetchpriority=\"high\" decoding=\"async\" class=\"aligncenter size-full wp-image-2613\" src=\"https:\/\/galileotn.vn\/wp-content\/uploads\/2023\/09\/cua-1-canh-Artboard-2-100.jpg\" alt=\"\" width=\"1200\" height=\"1200\" srcset=\"https:\/\/galileotn.vn\/wp-content\/uploads\/2023\/09\/cua-1-canh-Artboard-2-100.jpg 1200w, https:\/\/galileotn.vn\/wp-content\/uploads\/2023\/09\/cua-1-canh-Artboard-2-100-300x300.jpg 300w, https:\/\/galileotn.vn\/wp-content\/uploads\/2023\/09\/cua-1-canh-Artboard-2-100-1024x1024.jpg 1024w, https:\/\/galileotn.vn\/wp-content\/uploads\/2023\/09\/cua-1-canh-Artboard-2-100-150x150.jpg 150w, https:\/\/galileotn.vn\/wp-content\/uploads\/2023\/09\/cua-1-canh-Artboard-2-100-768x768.jpg 768w, https:\/\/galileotn.vn\/wp-content\/uploads\/2023\/09\/cua-1-canh-Artboard-2-100-600x600.jpg 600w, https:\/\/galileotn.vn\/wp-content\/uploads\/2023\/09\/cua-1-canh-Artboard-2-100-100x100.jpg 100w\" sizes=\"(max-width: 1200px) 100vw, 1200px\" \/><\/a><figcaption id=\"caption-attachment-5264\" class=\"wp-caption-text\">C\u1eeda Th\u00e9p V\u00e2n G\u1ed7 G1h3 Green Door<\/figcaption><\/figure>\n<p>&nbsp;<\/p>\n<p>C\u1eecA TH\u00c9P V\u00c2N G\u1ed6 G1H3 GALILEO \u2013 H\u00d2A QUY\u1ec6N T\u1ef0 NHI\u00caN V\u00c0 \u0110\u1ed8 B\u1ec0N V\u01af\u1ee2T TR\u1ed8I \ud83c\udf33<\/p>\n<p>Khi n\u00f3i v\u1ec1 C\u1eeda th\u00e9p v\u00e2n g\u1ed7 G1H3 GALILEO, kh\u00f4ng th\u1ec3 kh\u00f4ng nh\u1eafc \u0111\u1ebfn s\u1ef1 h\u00f2a quy\u1ec7n tinh t\u1ebf gi\u1eefa v\u1ebb \u0111\u1eb9p t\u1ef1 nhi\u00ean c\u1ee7a g\u1ed7 v\u00e0 s\u1ef1 b\u1ec1n b\u1ec9 c\u1ee7a th\u00e9p. \u0110\u00e2y l\u00e0 s\u1ea3n ph\u1ea9m \u0111\u1eb7c bi\u1ec7t, mang trong m\u00ecnh nh\u1eefng \u0111\u1eb7c t\u00ednh n\u1ed5i b\u1eadt, h\u1ee9a h\u1eb9n s\u1ebd l\u00e0m thay \u0111\u1ed5i kh\u00f4ng gian s\u1ed1ng c\u1ee7a b\u1ea1n.<\/p>\n<p><strong>V\u1ebb \u0111\u1eb9p t\u1ef1 nhi\u00ean g\u1ee3i c\u1ea3m:<\/strong> C\u1eeda th\u00e9p v\u00e2n g\u1ed7 G1H3 GALILEO mang \u0111\u1ebfn v\u1ebb \u0111\u1eb9p t\u1ef1 nhi\u00ean v\u00e0 cu\u1ed1n h\u00fat, nh\u1edd v\u00e0o l\u1edbp s\u01a1n v\u00e2n g\u1ed7 gi\u1ed1ng h\u1ec7t m\u00e0u g\u1ed7 t\u1ef1 nhi\u00ean, nh\u01b0ng l\u1ea1i c\u00f3 \u0111\u1ed9 b\u1ec1n v\u00e0 \u1ed5n \u0111\u1ecbnh cao h\u01a1n. B\u1ea1n s\u1ebd c\u1ea3m nh\u1eadn \u0111\u01b0\u1ee3c s\u1ef1 sang tr\u1ecdng v\u00e0 \u1ea5m c\u00fang m\u1ed7i khi nh\u00ecn v\u00e0o c\u1eeda, t\u1ea1o n\u00ean kh\u00f4ng gian s\u1ed1ng \u0111\u1eb3ng c\u1ea5p v\u00e0 \u0111\u00e1ng y\u00eau.<\/p>\n<p><strong>\u0110\u1ed9 b\u1ec1n v\u01b0\u1ee3t tr\u1ed9i \u2013 T\u1ef1 tin m\u1edf ra t\u01b0\u01a1ng lai:<\/strong> S\u1ea3n ph\u1ea9m \u0111\u01b0\u1ee3c l\u00e0m t\u1eeb ch\u1ea5t li\u1ec7u th\u00e9p m\u1ea1 \u0111i\u1ec7n cao c\u1ea5p v\u00e0 \u0111\u01b0\u1ee3c s\u1ea3n xu\u1ea5t \u0111\u1ed3ng b\u1ed9 trong nh\u00e0 m\u00e1y v\u1edbi d\u00e2y chuy\u1ec1n hi\u1ec7n \u0111\u1ea1i. \u0110i\u1ec1u n\u00e0y \u0111\u1ea3m b\u1ea3o c\u1eeda th\u00e9p v\u00e2n g\u1ed7 G1H3 GALILEO c\u00f3 \u0111\u1ed9 b\u1ec1n c\u1ef1c cao, t\u1ef1 tin \u0111\u1ed3ng h\u00e0nh c\u00f9ng gia \u0111\u00ecnh b\u1ea1n trong th\u1eddi gian d\u00e0i. B\u1ea1n s\u1ebd y\u00ean t\u00e2m m\u1edf ra m\u1ed9t t\u01b0\u01a1ng lai \u0111\u1eb9p v\u00e0 tr\u00e0n \u0111\u1ea7y hy v\u1ecdng.<\/p>\n<p><strong>T\u00ednh n\u0103ng \u01b0u vi\u1ec7t \u2013 Ti\u1ec7n \u00edch \u0111\u1ebfn t\u1eebng chi ti\u1ebft:<\/strong>\u00a0Kh\u1ea3 n\u0103ng c\u00e1ch \u00e2m, c\u00e1ch nhi\u1ec7t v\u00e0 ch\u1ed1ng ch\u00e1y xu\u1ea5t s\u1eafc c\u1ee7a c\u1eeda l\u00e0 \u0111i\u1ec3m nh\u1ea5n cho s\u1ef1 ti\u1ec7n \u00edch ho\u00e0n h\u1ea3o. L\u1edbp gio\u0103ng chuy\u00ean d\u1ee5ng gi\u1eefa c\u00e1nh v\u00e0 khung c\u1eeda gi\u00fap ng\u0103n kh\u00f3i v\u00e0 \u00e2m thanh l\u1ecdt ra b\u00ean ngo\u00e0i, \u0111em l\u1ea1i kh\u00f4ng gian s\u1ed1ng y\u00ean t\u0129nh v\u00e0 tho\u1ea3i m\u00e1i. \u0110\u1ed3ng th\u1eddi, c\u1eeda \u0111\u01b0\u1ee3c thi\u1ebft k\u1ebf linh ho\u1ea1t, ph\u00f9 h\u1ee3p v\u1edbi nhi\u1ec1u kh\u00f4ng gian v\u00e0 nhu c\u1ea7u s\u1eed d\u1ee5ng kh\u00e1c nhau.<\/p>\n","protected":false},"featured_media":2613,"comment_status":"closed","ping_status":"closed","template":"","meta":[],"product_brand":[],"product_cat":[55],"product_tag":[],"class_list":{"0":"post-2661","1":"product","2":"type-product","3":"status-publish","4":"has-post-thumbnail","6":"product_cat-cua-thep-van-go-mot-canh","7":"sales-flash-overlay","8":"woocommerce-text-align-center","9":"woocommerce-image-align-center","10":"do-quantity-buttons","12":"first","13":"instock","14":"shipping-taxable","15":"product-type-simple"},"_links":{"self":[{"href":"https:\/\/galileotn.vn\/index.php?rest_route=\/wp\/v2\/product\/2661","targetHints":{"allow":["GET"]}}],"collection":[{"href":"https:\/\/galileotn.vn\/index.php?rest_route=\/wp\/v2\/product"}],"about":[{"href":"https:\/\/galileotn.vn\/index.php?rest_route=\/wp\/v2\/types\/product"}],"replies":[{"embeddable":true,"href":"https:\/\/galileotn.vn\/index.php?rest_route=%2Fwp%2Fv2%2Fcomments&post=2661"}],"wp:featuredmedia":[{"embeddable":true,"href":"https:\/\/galileotn.vn\/index.php?rest_route=\/wp\/v2\/media\/2613"}],"wp:attachment":[{"href":"https:\/\/galileotn.vn\/index.php?rest_route=%2Fwp%2Fv2%2Fmedia&parent=2661"}],"wp:term":[{"taxonomy":"product_brand","embeddable":true,"href":"https:\/\/galileotn.vn\/index.php?rest_route=%2Fwp%2Fv2%2Fproduct_brand&post=2661"},{"taxonomy":"product_cat","embeddable":true,"href":"https:\/\/galileotn.vn\/index.php?rest_route=%2Fwp%2Fv2%2Fproduct_cat&post=2661"},{"taxonomy":"product_tag","embeddable":true,"href":"https:\/\/galileotn.vn\/index.php?rest_route=%2Fwp%2Fv2%2Fproduct_tag&post=2661"}],"curies":[{"name":"wp","href":"https:\/\/api.w.org\/{rel}","templated":true}]}}