{"id":22,"date":"2021-12-29T08:46:09","date_gmt":"2021-12-29T08:46:09","guid":{"rendered":"https:\/\/noithatnhuatuanhuyen.com\/?page_id=22"},"modified":"2023-09-08T15:49:04","modified_gmt":"2023-09-08T08:49:04","slug":"gioi-thieu","status":"publish","type":"page","link":"https:\/\/galileotn.vn\/?page_id=22","title":{"rendered":"Gi\u1edbi thi\u1ec7u"},"content":{"rendered":"<p style=\"text-align: justify;\"><span style=\"color: #ff0000;\">GALILEO<\/span><span style=\"font-size: 1.2em; font-style: italic;\"> l\u00e0 th\u01b0\u01a1ng hi\u1ec7u chuy\u00ean s\u1ea3n xu\u1ea5t c\u1eeda th\u00e9p v\u00e2n g\u1ed7 cao c\u1ea5p h\u00e0ng \u0111\u1ea7u t\u1ea1i Vi\u1ec7t Nam. Ti\u00ean phong \u0111\u1ea7u t\u01b0 \u0111\u1ed5i m\u1edbi c\u00f4ng ngh\u1ec7 \u0111\u1ec3 mang \u0111\u1ebfn nh\u1eefng s\u1ea3n ph\u1ea9m ch\u1ea5t l\u01b0\u1ee3ng cho ng\u01b0\u1eddi ti\u00eau d\u00f9ng. C\u00f4ng ty C\u1ed5 Ph\u1ea7n GALILEO \u0111\u01b0\u1ee3c th\u00e0nh l\u1eadp h\u01a1n 5 n\u0103m \u0111\u00e3 tr\u1edf th\u00e0nh \u0111\u01a1n v\u1ecb h\u00e0ng \u0111\u1ea7u t\u1ea1i Vi\u1ec7t Nam v\u1ec1 s\u1ea3n xu\u1ea5t v\u00e0 cung c\u1ea5p s\u1ea3n ph\u1ea9m c\u1eeda th\u00e9p v\u00e2n g\u1ed7 cao c\u1ea5p. V\u1edbi d\u1ecbch v\u1ee5 chuy\u00ean nghi\u1ec7p, gi\u00e1 th\u00e0nh ph\u1ea3i ch\u0103ng ch\u1ea5t l\u01b0\u1ee3ng v\u00e0 tin c\u1eady.<\/span><\/p>\n<p style=\"text-align: justify;\">C\u1eeda th\u00e9p v\u00e2n g\u1ed7 l\u00e0 s\u1ea3n ph\u1ea9m n\u1ed5i b\u1eadt t\u1ea1i <span style=\"color: #ff0000;\">GALILEO<\/span>, \u0111\u01b0\u1ee3c nhi\u1ec1u gia \u0111\u00ecnh, ch\u1ee7 \u0111\u1ea7u t\u01b0 l\u1ef1a ch\u1ecdn cho c\u00f4ng tr\u00ecnh. H\u1ec7 c\u1eeda th\u00e9p v\u00e2n g\u1ed7 cao c\u1ea5p \u0111\u01b0\u1ee3c s\u1ea3n xu\u1ea5t tr\u00ean d\u00e2y chuy\u1ec1n c\u00f4ng ngh\u1ec7 hi\u1ec7n \u0111\u1ea1i.<\/p>\n<p style=\"text-align: justify;\"><span style=\"color: #ff0000;\"><strong>C\u1eeda th\u00e9p v\u00e2n g\u1ed7:<\/strong><\/span><\/p>\n<p style=\"text-align: justify;\">\u0110\u1eb7c \u0111i\u1ec3m c\u1ea5u t\u1ea1o c\u1eeda th\u00e9p v\u00e2n g\u1ed7 kh\u00e1 ph\u1ee9c t\u1ea1p, v\u1edbi nhi\u1ec1u c\u1ea5u th\u00e0nh \u0111\u1ec3 t\u1ea1o n\u00ean b\u1ed9 c\u1eeda ho\u00e0n ch\u1ec9nh. K\u1ebft c\u1ea5u c\u1eeda \u0111\u01b0\u1ee3c chia th\u00e0nh 2 ph\u1ea7n ch\u00ednh: Khung v\u00e0 c\u00e1nh. Trong \u0111\u00f3:<\/p>\n<ul style=\"text-align: justify;\">\n<li>Khung c\u1eeda \u0111\u01b0\u1ee3c gia c\u00f4ng b\u1eb1ng v\u1eadt li\u1ec7u th\u00e9p m\u1ea1 t\u0129nh \u0111i\u1ec7n d\u1ea1ng h\u1ed9p. \u0110\u1ed9 d\u00e0y l\u1edbp th\u00e9p t\u1eeb 1-1.4mm, \u0111\u1ed9 d\u00e0y khung t\u1ed5ng t\u1eeb 100-110mm. K\u1ebft c\u1ea5u khung th\u00e9p h\u1ed9p t\u0103ng c\u01b0\u1eddng kh\u1ea3 n\u0103ng ch\u1ecbu l\u1ef1c, gi\u1ea3m truy\u1ec1n nhi\u1ec7t hi\u1ec7u qu\u1ea3. Ph\u1ea7n khung c\u1eeda th\u00e9p v\u00e2n g\u1ed7 \u0111\u01b0\u1ee3c s\u01a1n v\u00e2n g\u1ed7 t\u1ef1 nhi\u00ean, gia c\u00f4ng k\u00edch th\u01b0\u1edbc theo k\u00edch th\u01b0\u1edbc th\u00f4ng th\u1ee7y.<\/li>\n<li>C\u00e1nh c\u1eeda th\u00e9p v\u00e2n g\u1ed7 \u0111\u01b0\u1ee3c gia c\u00f4ng t\u1eeb 3 l\u1edbp v\u1eadt li\u1ec7u ch\u1ed1ng ch\u00e1y. Trong \u0111\u00f3, 2 l\u1edbp th\u00e9p m\u1ea1 k\u1ebdm t\u0129nh \u0111i\u1ec7n \u0111\u01b0\u1ee3c c\u1eaft CNC \u0111\u1ea3m b\u1ea3o k\u00edch th\u01b0\u1edbc t\u01b0\u01a1ng \u0111\u1ed3ng, c\u00f3 \u0111\u1ed9 d\u00e0y t\u1eeb 0.8-1.2mm. B\u1ec1 m\u1eb7t th\u00e9p \u0111\u01b0\u1ee3c d\u1eadp khu\u00f4n b\u1eb1ng m\u00e1y \u0111\u00f9n \u00e9p th\u1ee7y l\u1ef1c t\u1ea1o hoa v\u0103n \u0111\u1eb9p. Ph\u1ea7n l\u00f5i \u1edf gi\u1eefa l\u00e0 v\u1eadt li\u1ec7u gi\u1ea5y t\u1ed5 ong ch\u1ed1ng ch\u00e1y (honeycomb) ho\u1eb7c s\u1ee3i th\u1ee7y tinh c\u00e1ch nhi\u1ec7t. T\u1ed5ng chi\u1ec1u d\u00e0y c\u00e1nh 3 l\u1edbp l\u00e0 50-55mm.<\/li>\n<\/ul>\n<p style=\"text-align: justify;\">Ngo\u00e0i ra c\u1eeda c\u00f2n c\u00f3 th\u00eam ph\u1ee5 ki\u1ec7n: gio\u0103ng cao su, b\u1ea3n l\u1ec1, doorsill, m\u1eaft th\u1ea7n, kh\u00f3a th\u00f4ng minh \u0111a \u0111i\u1ec3m, \u0111\u1ed1 k\u00ednh c\u01b0\u1eddng l\u1ef1c c\u00e1ch nhi\u1ec7t.<\/p>\n<p style=\"text-align: justify;\"><span style=\"color: #ff0000;\"><strong>\u01afu \u0111i\u1ec3m c\u1eeda th\u00e9p v\u00e2n g\u1ed7?<\/strong><\/span><\/p>\n<p style=\"text-align: justify;\">C\u1eeda th\u00e9p v\u00e2n g\u1ed7 \u0111\u01b0\u1ee3c s\u1ea3n xu\u1ea5t tr\u00ean d\u00e2y chuy\u1ec1n c\u00f4ng ngh\u1ec7 hi\u1ec7n \u0111\u1ea1i, mang l\u1ea1i nhi\u1ec1u \u01b0u \u0111i\u1ec3m v\u00e0 \u1ee9ng d\u1ee5ng khi thi c\u00f4ng ho\u00e0n thi\u1ec7n nh\u00e0 \u1edf. \u01afu \u0111i\u1ec3m c\u1eeda th\u00e9p v\u00e2n g\u1ed7 t\u1ea1i GALILEO:<\/p>\n<ul style=\"text-align: justify;\">\n<li>C\u1eeda th\u00e9p v\u00e2n g\u1ed7 c\u00f3 m\u1eabu m\u00e3 v\u00e0 thi\u1ebft k\u1ebf gi\u1ed1ng v\u1edbi c\u1eeda g\u1ed7 t\u1ef1 nhi\u00ean. M\u1eabu c\u1eeda th\u00e9p v\u00e2n g\u1ed7 \u0111\u01b0\u1ee3c gia c\u00f4ng \u0111a d\u1ea1ng theo nhi\u1ec1u m\u1eabu, k\u1ebft h\u1ee3p \u0111\u1ed1 k\u00ednh, theo phong c\u00e1ch hi\u1ec7n \u0111\u1ea1i hay truy\u1ec1n th\u1ed1ng, t\u00f9y s\u1edf th\u00edch ng\u01b0\u1eddi d\u00f9ng.<\/li>\n<li>C\u1eeda th\u00e9p v\u00e2n g\u1ed7 ch\u1ed1ng ch\u00e1y an to\u00e0n, b\u1ea3o v\u1ec7 nh\u00e0 \u1edf, c\u00f4ng tr\u00ecnh kh\u1ecfi nguy c\u01a1 h\u1ecfa ho\u1ea1n. Ti\u00eau chu\u1ea9n ch\u1ed1ng ch\u00e1y 45 ph\u00fat tr\u1edf l\u00ean, k\u00e9o d\u00e0i th\u1eddi gian l\u1eeda lan nhanh trong kh\u00f4ng gian<\/li>\n<li>C\u1eeda th\u00e9p v\u00e2n g\u1ed7 v\u1edbi v\u1eadt li\u1ec7u \u0111\u1eb7c bi\u1ec7t gi\u1ea3m truy\u1ec1n nhi\u1ec7t, c\u00e1ch nhi\u1ec7t t\u1ed1t cho nh\u00e0 \u1edf. V\u1eadt li\u1ec7u l\u00f5i c\u00e1ch nhi\u1ec7t t\u1ed1t, k\u1ebft h\u1ee3p v\u1edbi gio\u0103ng cao su k\u00edn, l\u00e0m m\u00e1t kh\u00f4ng gian ng\u00e0y h\u00e8.<\/li>\n<li>C\u1eeda th\u00e9p v\u00e2n g\u1ed7 ch\u1ecbu \u0111\u01b0\u1ee3c c\u00e1c t\u00e1c \u0111\u1ed9ng m\u00f4i tr\u01b0\u1eddng kh\u00ed h\u1eadu Vi\u1ec7t nam. Thi\u1ebft k\u1ebf c\u1eeda ch\u1ed1ng th\u1ea5m n\u01b0\u1edbc, v\u1eadt li\u1ec7u th\u00e9p kh\u00f4ng b\u1ecb m\u1ed1i m\u1ecdt, cong v\u00eanh hay bi\u1ebfn d\u1ea1ng nhi\u1ec7t do b\u1ee9c x\u1ea1 nhi\u1ec7t cao. B\u1ec1 m\u1eb7t v\u1eadt li\u1ec7u \u0111\u01b0\u1ee3c ph\u1ee7 s\u01a1n ch\u1ed1ng han g\u1ec9, \u0103n m\u00f2n, t\u0103ng \u0111\u1ed9 b\u1ec1n h\u00f3a h\u1ecdc d\u01b0\u1edbi t\u00e1c \u0111\u1ed9ng c\u1ee7a m\u01b0a gi\u00f3 ngo\u1ea1i c\u1ea3nh.<\/li>\n<li>C\u1eeda th\u00e9p v\u00e2n g\u1ed7 c\u00f3 gi\u00e1 th\u00e0nh r\u1ebb h\u01a1n so v\u1edbi m\u1eabu c\u1eeda g\u1ed7 t\u1ef1 nhi\u00ean, c\u00f9ng lo\u1ea1i v\u00e2n g\u1ed7, c\u00f9ng k\u00edch th\u01b0\u1edbc. Gi\u1ea3i ph\u00e1p ti\u1ebft ki\u1ec7m t\u00e0i ch\u00ednh cho gia \u0111\u00ecnh.<\/li>\n<li>\u0110\u1ed3ng th\u1eddi, s\u1eed d\u1ee5ng c\u1eeda th\u00e9p v\u00e2n g\u1ed7 s\u1ebd l\u00e0 m\u1ed9t gi\u1ea3i ph\u00e1p g\u00f3p ph\u1ea7n b\u1ea3o v\u1ec7 m\u00f4i tr\u01b0\u1eddng. H\u1ea1n ch\u1ebf s\u1eed d\u1ee5ng v\u1eadt li\u1ec7u g\u1ed7 t\u1ef1 nhi\u00ean, ch\u1eb7t ph\u00e1 r\u1eebng \u0111\u1ec3 l\u1ea5y g\u1ed7 x\u00e2y d\u1ef1ng, l\u00e0m \u0111\u1ed3 n\u1ed9i th\u1ea5t.<\/li>\n<\/ul>\n<p style=\"text-align: justify;\"><span style=\"font-size: 14pt;\"><strong><span style=\"color: #ff0000;\">M\u1eabu m\u00e3 v\u00e0 ph\u1ee5 ki\u1ec7n c\u1eeda<\/span><\/strong><\/span><\/p>\n<p style=\"text-align: justify;\">T\u1ea1i GALILEO, kh\u00e1ch h\u00e0ng s\u1ebd \u0111\u01b0\u1ee3c l\u1ef1a ch\u1ecdn c\u1eeda th\u00e9p \u0111a d\u1ea1ng v\u1ec1 m\u1eabu m\u00e3 v\u00e0 ph\u1ee5 ki\u1ec7n \u0111i k\u00e8m cho t\u1eebng h\u1ec7 c\u1eeda.<\/p>\n<p style=\"text-align: justify;\"><strong><span style=\"color: #ff0000;\">C\u1eeda th\u00e9p v\u00e2n g\u1ed7<\/span><\/strong><\/p>\n<p style=\"text-align: justify;\">C\u1eeda th\u00e9p v\u00e2n g\u1ed7 ng\u00e0y c\u00e0ng \u0111\u01b0\u1ee3c gia \u0111\u00ecnh Vi\u1ec7t \u0111\u00f3n nh\u1eadn cho nh\u00e0 ph\u1ed1, bi\u1ec7t th\u1ef1 hay chung c\u01b0 cao t\u1ea7ng. M\u1eabu c\u1eeda th\u00e9p v\u00e2n g\u1ed7 \u0111a d\u1ea1ng \u1ee9ng d\u1ee5ng cho c\u00e1c v\u1ecb tr\u00ed: C\u1eeda ch\u00ednh, c\u1eeda th\u00f4ng ph\u00f2ng, c\u1eeda s\u1ed5. V\u1edbi c\u00e1c m\u1eabu c\u1eeda ph\u1ed5 bi\u1ebfn nh\u01b0: C\u1eeda 1 c\u00e1nh, c\u1eeda 2 c\u00e1nh c\u00e2n v\u00e0 kh\u00f4ng c\u00e2n, c\u1eeda ch\u00ednh 4 c\u00e1nh c\u00e2n ho\u1eb7c kh\u00f4ng c\u00e2n.<\/p>\n<p style=\"text-align: justify;\">Ph\u1ee5 ki\u1ec7n c\u1eeda th\u00e9p v\u00e2n g\u1ed7 \u0111a d\u1ea1ng, ch\u00ednh h\u00e3ng v\u1edbi \u0111\u1ea7y \u0111\u1ee7 ch\u1ee9ng nh\u1eadn CO v\u00e0 CQ, tem ch\u1ed1ng h\u00e0ng gi\u1ea3. C\u1eeda th\u00e9p Vi\u1ec7t s\u1ebd gia c\u00f4ng, l\u1eafp \u0111\u1eb7t ph\u1ee5 ki\u1ec7n \u0111\u1ed3ng b\u1ed9 cho b\u1ed9 c\u1eeda. C\u00e1c ph\u1ee5 ki\u1ec7n c\u1eeda th\u00e9p v\u00e2n g\u1ed7 \u0111\u01b0\u1ee3c \u01b0a chu\u1ed9ng: Kh\u00f3a th\u00f4ng minh \u0111a \u0111i\u1ec3m, kh\u00f3a t\u1eeb ch\u1ed1ng tr\u1ed9m, m\u1eaft th\u1ea7n, k\u00ednh c\u01b0\u1eddng l\u1ef1c c\u00e1ch nhi\u1ec7t.<\/p>\n<p style=\"text-align: justify;\"><span style=\"font-size: 18pt;\"><strong><span style=\"color: #ff0000;\">Nh\u1eefng l\u00fd do b\u1ea1n n\u00ean ch\u1ecdn ch\u00fang t\u00f4i<\/span><\/strong><\/span><\/p>\n<ul style=\"text-align: justify;\">\n<li>S\u1ea3n ph\u1ea9m m\u1eabu m\u00e3 \u0111a d\u1ea1ng nh\u1ea5t v\u1edbi h\u00e0ng tr\u0103m m\u1eabu<\/li>\n<li>L\u1ef1a ch\u1ecdn c\u00e1nh c\u1eeda ch\u1ea5t l\u01b0\u1ee3ng ph\u00f9 h\u1ee3p nh\u1ea5t v\u1edbi gia \u0111\u00ecnh b\u1ea1n<\/li>\n<li>Mang \u0111\u1ebfn nh\u1eefng d\u1ecbch v\u1ee5 t\u1ed1t nh\u1ea5t n\u00e2ng cao gi\u00e1 tr\u1ecb cu\u1ed9c s\u1ed1ng<\/li>\n<li>\u0110\u1ed9i ng\u0169 nh\u00e2n vi\u00ean t\u01b0 v\u1ea5n s\u1ea3n ph\u1ea9m chuy\u00ean nghi\u1ec7p<\/li>\n<li>Ch\u00fang t\u00f4i lu\u00f4n s\u1eb5n s\u00e0ng t\u01b0 v\u1ea5n m\u1ecdi th\u1eafc m\u1eafc c\u1ee7a b\u1ea1n<\/li>\n<li>Ch\u1ea5t l\u01b0\u1ee3ng s\u1ea3n ph\u1ea9m c\u00f9ng th\u1eddi gian b\u1ea3o h\u00e0nh d\u00e0i h\u1ea1n<\/li>\n<\/ul>\n<p style=\"text-align: justify;\">S\u1ef1 kh\u1eb3ng \u0111\u1ecbnh v\u1ec1 ch\u1ea5t l\u01b0\u1ee3ng v\u00e0 uy t\u00edn c\u1ee7a <span style=\"color: #ff0000;\">GALILEO<\/span> c\u0169ng nh\u01b0 th\u01b0\u01a1ng hi\u1ec7u c\u00f4ng ty \u0111\u00e3 l\u00e0m h\u00e0i l\u00f2ng t\u1ea5t c\u1ea3 nh\u1eefng y\u00eau c\u1ea7u kh\u1eaft khe nh\u1ea5t c\u1ee7a kh\u00e1ch h\u00e0ng v\u00e0 l\u00e0m n\u00ean th\u01b0\u01a1ng hi\u1ec7u trong ng\u00e0nh c\u1eeda v\u00e0 n\u1ed9i th\u1ea5t t\u1ea1i Vi\u1ec7t Nam.<\/p>\n","protected":false},"excerpt":{"rendered":"<p>GALILEO l\u00e0 th\u01b0\u01a1ng hi\u1ec7u chuy\u00ean s\u1ea3n xu\u1ea5t c\u1eeda th\u00e9p v\u00e2n g\u1ed7 cao c\u1ea5p h\u00e0ng \u0111\u1ea7u t\u1ea1i Vi\u1ec7t Nam. Ti\u00ean phong \u0111\u1ea7u t\u01b0 \u0111\u1ed5i m\u1edbi c\u00f4ng ngh\u1ec7 \u0111\u1ec3 mang \u0111\u1ebfn nh\u1eefng s\u1ea3n ph\u1ea9m ch\u1ea5t l\u01b0\u1ee3ng cho ng\u01b0\u1eddi ti\u00eau d\u00f9ng. C\u00f4ng ty C\u1ed5 Ph\u1ea7n GALILEO \u0111\u01b0\u1ee3c th\u00e0nh l\u1eadp h\u01a1n 5 n\u0103m \u0111\u00e3 tr\u1edf th\u00e0nh \u0111\u01a1n v\u1ecb h\u00e0ng &#8230; <a title=\"Gi\u1edbi thi\u1ec7u\" class=\"read-more\" href=\"https:\/\/galileotn.vn\/?page_id=22\" aria-label=\"More on Gi\u1edbi thi\u1ec7u\">\u0110\u1ecdc ti\u1ebfp<\/a><\/p>\n","protected":false},"author":2,"featured_media":0,"parent":0,"menu_order":0,"comment_status":"closed","ping_status":"closed","template":"","meta":{"footnotes":""},"class_list":["post-22","page","type-page","status-publish"],"_links":{"self":[{"href":"https:\/\/galileotn.vn\/index.php?rest_route=\/wp\/v2\/pages\/22","targetHints":{"allow":["GET"]}}],"collection":[{"href":"https:\/\/galileotn.vn\/index.php?rest_route=\/wp\/v2\/pages"}],"about":[{"href":"https:\/\/galileotn.vn\/index.php?rest_route=\/wp\/v2\/types\/page"}],"author":[{"embeddable":true,"href":"https:\/\/galileotn.vn\/index.php?rest_route=\/wp\/v2\/users\/2"}],"replies":[{"embeddable":true,"href":"https:\/\/galileotn.vn\/index.php?rest_route=%2Fwp%2Fv2%2Fcomments&post=22"}],"version-history":[{"count":39,"href":"https:\/\/galileotn.vn\/index.php?rest_route=\/wp\/v2\/pages\/22\/revisions"}],"predecessor-version":[{"id":2588,"href":"https:\/\/galileotn.vn\/index.php?rest_route=\/wp\/v2\/pages\/22\/revisions\/2588"}],"wp:attachment":[{"href":"https:\/\/galileotn.vn\/index.php?rest_route=%2Fwp%2Fv2%2Fmedia&parent=22"}],"curies":[{"name":"wp","href":"https:\/\/api.w.org\/{rel}","templated":true}]}}